{"id":324,"date":"2022-11-29T10:58:36","date_gmt":"2022-11-29T09:58:36","guid":{"rendered":"https:\/\/giovannigorini.com\/?page_id=324"},"modified":"2022-12-13T10:58:15","modified_gmt":"2022-12-13T09:58:15","slug":"biographie","status":"publish","type":"page","link":"https:\/\/giovannigorini.com\/index.php\/biographie\/","title":{"rendered":"Biographie"},"content":{"rendered":"\n<figure class=\"wp-block-image size-full\"><img loading=\"lazy\" decoding=\"async\" width=\"991\" height=\"669\" src=\"https:\/\/giovannigorini.com\/wp-content\/uploads\/2022\/12\/PORTRAIT-G.G.-1.jpg\" alt=\"\" class=\"wp-image-357\" srcset=\"https:\/\/giovannigorini.com\/wp-content\/uploads\/2022\/12\/PORTRAIT-G.G.-1.jpg 991w, https:\/\/giovannigorini.com\/wp-content\/uploads\/2022\/12\/PORTRAIT-G.G.-1-300x203.jpg 300w, https:\/\/giovannigorini.com\/wp-content\/uploads\/2022\/12\/PORTRAIT-G.G.-1-768x518.jpg 768w\" sizes=\"auto, (max-width: 991px) 100vw, 991px\" \/><\/figure>\n\n\n\n<p>N\u00e9 \u00e0 Lajatico (Pise) en 1950, il commence \u00e0 peindre en 1970.<\/p>\n\n\n\n<p>En 1972 il fr\u00e9quente l&rsquo;INSTITUT D&rsquo;ART et durant cette p\u00e9riode, la peinture de Pollock et l&rsquo;art gestuel l&rsquo;influencent, pour donner en 1974 sa premi\u00e8re toile \u00ababstraite\u00bb.<\/p>\n\n\n\n<p>Jusqu&rsquo;en 1975 il approfondit cette phase de recherche pour se lib\u00e9rer du traditionnel \u00abfiguratif\u00bb.<\/p>\n\n\n\n<p>Il d\u00e9couvre alors l\u2019\u0153uvre de Giuseppe Santomaso, et frapp\u00e9 par la po\u00e9tique et surtout par le \u00ab<em>rapport avec la r\u00e9alit\u00e9<\/em>\u00bb du travail de cet artiste, il le rencontre \u00e0 Venise en 1976.<\/p>\n\n\n\n<p>Apr\u00e8s cette rencontre et celles qui suivront r\u00e9guli\u00e8rement, les cr\u00e9ations de Gorini prennent une orientation d\u00e9cisive.<\/p>\n\n\n\n<p>Il imprime son premier portfolio \u00ab&nbsp;<em>Autoscienza-Presenza<\/em>&nbsp;\u00bb avec un texte de l\u2019\u00e9crivain et ami Francesco Paciscopi.<\/p>\n\n\n\n<p>Il consolide sa recherche&nbsp; \u00ab<em>r\u00e9alit\u00e9\/nature<\/em>\u00bb au cours de deux voyages l&rsquo;un dans les Pouilles avec le peintre Alessandro Gamba, et l&rsquo;autre en Gr\u00e8ce. C&rsquo;est aussi l&rsquo;\u00e9poque de son premier voyage \u00e0 Paris, o\u00f9 il s&rsquo;installe en 1979.<\/p>\n\n\n\n<p>Il participe \u00e0 plusieurs expositions collectives avec un groupe d&rsquo;artistes italiens, et il se lie d&rsquo;amiti\u00e9 avec Riccardo Licata, titulaire d&rsquo;un atelier aux Beaux Arts de Paris, qui lui apprend la mosa\u00efque, et Paolo Boni, peintre et graveur, oncle de Mario Boni, imprimeur en taille douce, qui l&rsquo;initie \u00e0 la gravure en plusieurs couleurs. Il approfondie cette recherche attir\u00e9 par les diff\u00e9rentes techniques d\u2019estampe des artistes qui fr\u00e9quentent l\u2019atelier Boni, notamment Bertrand Dorny.<\/p>\n\n\n\n<p>En 1980 il imprime son deuxi\u00e8me portfolio \u00ab<em>Voyage sans monuments<\/em>\u00bb accompagn\u00e9&nbsp; d&rsquo;un texte de Dino Carlesi (po\u00e8te et critique d\u2019art) et suivront<\/p>\n\n\n\n<p>en 1984 \u00ab&nbsp;<em>Terre dimenticate<\/em>&nbsp;\u00bb et en 2002&nbsp; \u00ab&nbsp;<em>\u2026ai segni della terra<\/em>&nbsp;\u00bb.<\/p>\n\n\n\n<p>En 1981, il est dipl\u00f4m\u00e9 de l&rsquo; Acad\u00e9mie des Beaux Arts de Florence dans la classe de peinture de Gustavo Giulietti.<\/p>\n\n\n\n<p>Pour ses travaux de gravure il obtient la m\u00e9daille de la \u00ab\u00a0VILLE de PARIS\u00a0\u00bb de bronze en 1982\u00a0 et d\u2019argent en 1984, et le deuxi\u00e8me prix \u00e0 la \u00ab\u00a0BIENNALE du XV \u2013 Paris\u00a0\u00bb en 2019. Il fait partie des artistes de \u00ab\u00a0MANIFESTAMPE\u00a0\u00bb.<\/p>\n\n\n\n<p><\/p>\n","protected":false},"excerpt":{"rendered":"<p>N\u00e9 \u00e0 Lajatico (Pise) en 1950, il commence \u00e0 peindre en 1970. En 1972 il fr\u00e9quente l&rsquo;INSTITUT D&rsquo;ART et durant cette p\u00e9riode, la peinture de Pollock et l&rsquo;art gestuel l&rsquo;influencent, pour donner en 1974 sa premi\u00e8re toile \u00ababstraite\u00bb. Jusqu&rsquo;en 1975 il approfondit cette phase de recherche pour se lib\u00e9rer du traditionnel \u00abfiguratif\u00bb. Il d\u00e9couvre alors &hellip; <\/p>\n<p class=\"link-more\"><a href=\"https:\/\/giovannigorini.com\/index.php\/biographie\/\" class=\"more-link\">Lire la suite de<span class=\"screen-reader-text\">\u00ab\u00a0Biographie\u00a0\u00bb<\/span><\/a><\/p>\n","protected":false},"author":1,"featured_media":0,"parent":0,"menu_order":0,"comment_status":"closed","ping_status":"closed","template":"","meta":{"footnotes":""},"class_list":["post-324","page","type-page","status-publish","hentry"],"_links":{"self":[{"href":"https:\/\/giovannigorini.com\/index.php\/wp-json\/wp\/v2\/pages\/324","targetHints":{"allow":["GET"]}}],"collection":[{"href":"https:\/\/giovannigorini.com\/index.php\/wp-json\/wp\/v2\/pages"}],"about":[{"href":"https:\/\/giovannigorini.com\/index.php\/wp-json\/wp\/v2\/types\/page"}],"author":[{"embeddable":true,"href":"https:\/\/giovannigorini.com\/index.php\/wp-json\/wp\/v2\/users\/1"}],"replies":[{"embeddable":true,"href":"https:\/\/giovannigorini.com\/index.php\/wp-json\/wp\/v2\/comments?post=324"}],"version-history":[{"count":5,"href":"https:\/\/giovannigorini.com\/index.php\/wp-json\/wp\/v2\/pages\/324\/revisions"}],"predecessor-version":[{"id":359,"href":"https:\/\/giovannigorini.com\/index.php\/wp-json\/wp\/v2\/pages\/324\/revisions\/359"}],"wp:attachment":[{"href":"https:\/\/giovannigorini.com\/index.php\/wp-json\/wp\/v2\/media?parent=324"}],"curies":[{"name":"wp","href":"https:\/\/api.w.org\/{rel}","templated":true}]}}