{"id":6,"date":"2022-11-17T14:48:10","date_gmt":"2022-11-17T13:48:10","guid":{"rendered":"https:\/\/giovannigorini.com\/?page_id=6"},"modified":"2025-10-23T15:47:28","modified_gmt":"2025-10-23T13:47:28","slug":"beaux-portfolios-pour-des-creatifs-exceptionnels","status":"publish","type":"page","link":"https:\/\/giovannigorini.com\/","title":{"rendered":"Mon travail"},"content":{"rendered":"\n<p class=\"has-text-align-center\">J\u2019ai choisi la peinture, la gravure, le collage, comme moyen de communication et d\u2019expression.<\/p>\n\n\n\n<p class=\"has-text-align-center\">Au d\u00e9part du chemin qui conduit \u00e0 la r\u00e9alisation d\u2019une \u0153uvre, la vision.<\/p>\n\n\n\n<p class=\"has-text-align-center\">L\u2019\u0153il, que comme d\u00e9finit Merleau-Ponty dans \u00ab&nbsp;L\u2019\u0153il et l\u2019esprit&nbsp;\u00bb, \u00ab instrument qui se meut lui-m\u00eame, moyen qui s\u2019invente ses fins, l\u2019\u0153il est <em>ce qui<\/em> a \u00e9t\u00e9 \u00e9mu par un certain impact du monde et le restitue au visible par les traces de la main&nbsp;\u00bb.<\/p>\n\n\n\n<p class=\"has-text-align-center\">La nature et le r\u00e9el sont pour moi sources d\u2019\u00e9motions et indices formels. Les formes comme construction de l\u2019espace. L\u2019espace comme la principale manifestation plastique de la conception de la r\u00e9alit\u00e9.<\/p>\n\n\n\n<p class=\"has-text-align-center\">Quand mon regard est attir\u00e9 par un vieux mur, il est attir\u00e9 par les traces laiss\u00e9es par le temps. La pluie qu\u2019a laiss\u00e9 des moisissures incrust\u00e9es, le soleil qui a d\u00e9color\u00e9 certaines parties, des vibrations qui ont d\u00e9croch\u00e9 un morceau, un signe de craie d\u2019un enfant, des \u00e9raflures laiss\u00e9es par l\u2019homme. Tous ces indices sont pour moi des \u00e9motions qui sont transmise \u00e0 l\u2019esprit et que l\u2019esprit transmet \u00e0 la main et que la main trace sur la toile ou sur un papier en les transformant en formes autonomes, enrichies de ma fantaisie, de ma connaissance, de mon exp\u00e9rience, gr\u00e2ce aux moyens de l\u2019artiste&nbsp;: le signe, l\u2019espace, la mati\u00e8re, la couleur.<\/p>\n\n\n<div class=\"wp-block-image\">\n<figure class=\"aligncenter size-large\"><img loading=\"lazy\" decoding=\"async\" width=\"1024\" height=\"1011\" src=\"https:\/\/giovannigorini.com\/wp-content\/uploads\/2022\/12\/ATELIER-3-1024x1011.jpg\" alt=\"\" class=\"wp-image-360\" srcset=\"https:\/\/giovannigorini.com\/wp-content\/uploads\/2022\/12\/ATELIER-3-1024x1011.jpg 1024w, https:\/\/giovannigorini.com\/wp-content\/uploads\/2022\/12\/ATELIER-3-300x296.jpg 300w, https:\/\/giovannigorini.com\/wp-content\/uploads\/2022\/12\/ATELIER-3-768x758.jpg 768w, https:\/\/giovannigorini.com\/wp-content\/uploads\/2022\/12\/ATELIER-3-1536x1516.jpg 1536w, https:\/\/giovannigorini.com\/wp-content\/uploads\/2022\/12\/ATELIER-3-2048x2022.jpg 2048w, https:\/\/giovannigorini.com\/wp-content\/uploads\/2022\/12\/ATELIER-3-2000x1974.jpg 2000w\" sizes=\"auto, (max-width: 1024px) 100vw, 1024px\" \/><\/figure>\n<\/div>\n\n\n<div class=\"wp-block-group alignfull has-background\" style=\"background-color:#e5e9ec\"><div class=\"wp-block-group__inner-container is-layout-flow wp-block-group-is-layout-flow\">\n<div class=\"wp-block-columns is-layout-flex wp-container-core-columns-is-layout-9d6595d7 wp-block-columns-is-layout-flex\">\n<div class=\"wp-block-column is-vertically-aligned-center is-layout-flow wp-block-column-is-layout-flow\">\n<h2 class=\"wp-block-heading\">Actualit\u00e9<\/h2>\n\n\n\n<div class=\"wp-block-group alignwide\"><div class=\"wp-block-group__inner-container is-layout-constrained wp-block-group-is-layout-constrained\">\n<div class=\"wp-block-columns alignwide is-layout-flex wp-container-core-columns-is-layout-9d6595d7 wp-block-columns-is-layout-flex\">\n<div class=\"wp-block-column is-layout-flow wp-block-column-is-layout-flow\" style=\"flex-basis:100%\"><div class=\"wp-block-image\">\n<figure class=\"aligncenter size-large is-resized\"><img loading=\"lazy\" decoding=\"async\" width=\"817\" height=\"1024\" src=\"http:\/\/giovannigorini.com\/wp-content\/uploads\/2025\/10\/IMG_3580-817x1024.jpg\" alt=\"\" class=\"wp-image-618\" style=\"width:509px;height:auto\" srcset=\"https:\/\/giovannigorini.com\/wp-content\/uploads\/2025\/10\/IMG_3580-817x1024.jpg 817w, https:\/\/giovannigorini.com\/wp-content\/uploads\/2025\/10\/IMG_3580-239x300.jpg 239w, https:\/\/giovannigorini.com\/wp-content\/uploads\/2025\/10\/IMG_3580-768x963.jpg 768w, https:\/\/giovannigorini.com\/wp-content\/uploads\/2025\/10\/IMG_3580.jpg 1179w\" sizes=\"auto, (max-width: 817px) 100vw, 817px\" \/><\/figure>\n<\/div><\/div>\n<\/div>\n<\/div><\/div>\n\n\n\n<figure class=\"wp-block-gallery has-nested-images columns-default is-cropped wp-block-gallery-1 is-layout-flex wp-block-gallery-is-layout-flex\">\n<figure class=\"wp-block-image size-large\"><img loading=\"lazy\" decoding=\"async\" width=\"885\" height=\"1024\" data-id=\"629\" src=\"https:\/\/giovannigorini.com\/wp-content\/uploads\/2025\/10\/logo-durst_20251023_0001_page-0001-1-885x1024.jpg\" alt=\"\" class=\"wp-image-629\" srcset=\"https:\/\/giovannigorini.com\/wp-content\/uploads\/2025\/10\/logo-durst_20251023_0001_page-0001-1-885x1024.jpg 885w, https:\/\/giovannigorini.com\/wp-content\/uploads\/2025\/10\/logo-durst_20251023_0001_page-0001-1-259x300.jpg 259w, https:\/\/giovannigorini.com\/wp-content\/uploads\/2025\/10\/logo-durst_20251023_0001_page-0001-1-768x889.jpg 768w, https:\/\/giovannigorini.com\/wp-content\/uploads\/2025\/10\/logo-durst_20251023_0001_page-0001-1.jpg 1120w\" sizes=\"auto, (max-width: 885px) 100vw, 885px\" \/><\/figure>\n\n\n\n<figure class=\"wp-block-image size-large\"><img loading=\"lazy\" decoding=\"async\" width=\"973\" height=\"1024\" data-id=\"630\" src=\"https:\/\/giovannigorini.com\/wp-content\/uploads\/2025\/10\/logo-durst_20251023_0002_page-0001-973x1024.jpg\" alt=\"\" class=\"wp-image-630\" srcset=\"https:\/\/giovannigorini.com\/wp-content\/uploads\/2025\/10\/logo-durst_20251023_0002_page-0001-973x1024.jpg 973w, https:\/\/giovannigorini.com\/wp-content\/uploads\/2025\/10\/logo-durst_20251023_0002_page-0001-285x300.jpg 285w, https:\/\/giovannigorini.com\/wp-content\/uploads\/2025\/10\/logo-durst_20251023_0002_page-0001-768x808.jpg 768w, https:\/\/giovannigorini.com\/wp-content\/uploads\/2025\/10\/logo-durst_20251023_0002_page-0001.jpg 1232w\" sizes=\"auto, (max-width: 973px) 100vw, 973px\" \/><\/figure>\n<\/figure>\n<\/div>\n<\/div>\n\n\n\n<figure class=\"wp-block-image size-large\"><img loading=\"lazy\" decoding=\"async\" width=\"1024\" height=\"799\" src=\"https:\/\/giovannigorini.com\/wp-content\/uploads\/2025\/10\/12-1-1536x1198-2-1024x799.webp\" alt=\"\" class=\"wp-image-632\" srcset=\"https:\/\/giovannigorini.com\/wp-content\/uploads\/2025\/10\/12-1-1536x1198-2-1024x799.webp 1024w, https:\/\/giovannigorini.com\/wp-content\/uploads\/2025\/10\/12-1-1536x1198-2-300x234.webp 300w, https:\/\/giovannigorini.com\/wp-content\/uploads\/2025\/10\/12-1-1536x1198-2-768x599.webp 768w, https:\/\/giovannigorini.com\/wp-content\/uploads\/2025\/10\/12-1-1536x1198-2.webp 1536w\" sizes=\"auto, (max-width: 1024px) 100vw, 1024px\" \/><\/figure>\n<\/div><\/div>\n\n\n\n<div style=\"height:55px\" aria-hidden=\"true\" class=\"wp-block-spacer\"><\/div>\n\n\n\n<div class=\"wp-block-group alignfull has-cyan-bluish-gray-background-color has-background\"><div class=\"wp-block-group__inner-container is-layout-flow wp-block-group-is-layout-flow\">\n<h2 class=\"wp-block-heading has-text-align-center has-white-color has-text-color\">Mes derni\u00e8res \u0153uvres<\/h2>\n\n\n\n<figure class=\"wp-block-gallery aligncenter has-nested-images columns-default is-cropped wp-block-gallery-2 is-layout-flex wp-block-gallery-is-layout-flex\">\n<figure class=\"wp-block-image size-full\"><img loading=\"lazy\" decoding=\"async\" width=\"388\" height=\"447\" data-id=\"606\" src=\"http:\/\/giovannigorini.com\/wp-content\/uploads\/2025\/10\/rassicurante-ordine.jpg\" alt=\"\" class=\"wp-image-606\" srcset=\"https:\/\/giovannigorini.com\/wp-content\/uploads\/2025\/10\/rassicurante-ordine.jpg 388w, https:\/\/giovannigorini.com\/wp-content\/uploads\/2025\/10\/rassicurante-ordine-260x300.jpg 260w\" sizes=\"auto, (max-width: 388px) 100vw, 388px\" \/><\/figure>\n\n\n\n<figure class=\"wp-block-image size-full\"><img loading=\"lazy\" decoding=\"async\" width=\"692\" height=\"982\" data-id=\"617\" src=\"http:\/\/giovannigorini.com\/wp-content\/uploads\/2025\/10\/PRECISA-DESTINAZIONE.jpg\" alt=\"\" class=\"wp-image-617\" srcset=\"https:\/\/giovannigorini.com\/wp-content\/uploads\/2025\/10\/PRECISA-DESTINAZIONE.jpg 692w, https:\/\/giovannigorini.com\/wp-content\/uploads\/2025\/10\/PRECISA-DESTINAZIONE-211x300.jpg 211w\" sizes=\"auto, (max-width: 692px) 100vw, 692px\" \/><\/figure>\n\n\n\n<figure class=\"wp-block-image size-full\"><img loading=\"lazy\" decoding=\"async\" width=\"692\" height=\"1011\" data-id=\"610\" src=\"http:\/\/giovannigorini.com\/wp-content\/uploads\/2025\/10\/RITMI-DEL-TEMPO.jpg\" alt=\"\" class=\"wp-image-610\" srcset=\"https:\/\/giovannigorini.com\/wp-content\/uploads\/2025\/10\/RITMI-DEL-TEMPO.jpg 692w, https:\/\/giovannigorini.com\/wp-content\/uploads\/2025\/10\/RITMI-DEL-TEMPO-205x300.jpg 205w\" sizes=\"auto, (max-width: 692px) 100vw, 692px\" \/><\/figure>\n\n\n\n<figure class=\"wp-block-image size-full\"><a href=\"http:\/\/giovannigorini.com\/wp-content\/uploads\/2025\/10\/silenzi-lagunari.jpg\" target=\"_blank\" rel=\"noopener\"><img loading=\"lazy\" decoding=\"async\" width=\"391\" height=\"450\" data-id=\"607\" src=\"http:\/\/giovannigorini.com\/wp-content\/uploads\/2025\/10\/silenzi-lagunari.jpg\" alt=\"\" class=\"wp-image-607\" srcset=\"https:\/\/giovannigorini.com\/wp-content\/uploads\/2025\/10\/silenzi-lagunari.jpg 391w, https:\/\/giovannigorini.com\/wp-content\/uploads\/2025\/10\/silenzi-lagunari-261x300.jpg 261w\" sizes=\"auto, (max-width: 391px) 100vw, 391px\" \/><\/a><\/figure>\n\n\n\n<figure class=\"wp-block-image size-full\"><img loading=\"lazy\" decoding=\"async\" width=\"708\" height=\"994\" data-id=\"608\" src=\"http:\/\/giovannigorini.com\/wp-content\/uploads\/2025\/10\/RICORDI-LAGUNARI-1.jpg\" alt=\"\" class=\"wp-image-608\" srcset=\"https:\/\/giovannigorini.com\/wp-content\/uploads\/2025\/10\/RICORDI-LAGUNARI-1.jpg 708w, https:\/\/giovannigorini.com\/wp-content\/uploads\/2025\/10\/RICORDI-LAGUNARI-1-214x300.jpg 214w\" sizes=\"auto, (max-width: 708px) 100vw, 708px\" \/><\/figure>\n\n\n\n<figure class=\"wp-block-image size-full\"><img loading=\"lazy\" decoding=\"async\" width=\"1017\" height=\"962\" data-id=\"609\" src=\"http:\/\/giovannigorini.com\/wp-content\/uploads\/2025\/10\/RICORDI-LAGUNARI-2.jpg\" alt=\"\" class=\"wp-image-609\" srcset=\"https:\/\/giovannigorini.com\/wp-content\/uploads\/2025\/10\/RICORDI-LAGUNARI-2.jpg 1017w, https:\/\/giovannigorini.com\/wp-content\/uploads\/2025\/10\/RICORDI-LAGUNARI-2-300x284.jpg 300w, https:\/\/giovannigorini.com\/wp-content\/uploads\/2025\/10\/RICORDI-LAGUNARI-2-768x726.jpg 768w\" sizes=\"auto, (max-width: 1017px) 100vw, 1017px\" \/><\/figure>\n<\/figure>\n<\/div><\/div>\n","protected":false},"excerpt":{"rendered":"<p>J\u2019ai choisi la peinture, la gravure, le collage, comme moyen de communication et d\u2019expression. Au d\u00e9part du chemin qui conduit \u00e0 la r\u00e9alisation d\u2019une \u0153uvre, la vision. L\u2019\u0153il, que comme d\u00e9finit Merleau-Ponty dans \u00ab&nbsp;L\u2019\u0153il et l\u2019esprit&nbsp;\u00bb, \u00ab instrument qui se meut lui-m\u00eame, moyen qui s\u2019invente ses fins, l\u2019\u0153il est ce qui a \u00e9t\u00e9 \u00e9mu par &hellip; <\/p>\n<p class=\"link-more\"><a href=\"https:\/\/giovannigorini.com\/\" class=\"more-link\">Lire la suite de<span class=\"screen-reader-text\">\u00ab\u00a0Mon travail\u00a0\u00bb<\/span><\/a><\/p>\n","protected":false},"author":1,"featured_media":0,"parent":0,"menu_order":0,"comment_status":"closed","ping_status":"closed","template":"","meta":{"footnotes":""},"class_list":["post-6","page","type-page","status-publish","hentry"],"_links":{"self":[{"href":"https:\/\/giovannigorini.com\/index.php\/wp-json\/wp\/v2\/pages\/6","targetHints":{"allow":["GET"]}}],"collection":[{"href":"https:\/\/giovannigorini.com\/index.php\/wp-json\/wp\/v2\/pages"}],"about":[{"href":"https:\/\/giovannigorini.com\/index.php\/wp-json\/wp\/v2\/types\/page"}],"author":[{"embeddable":true,"href":"https:\/\/giovannigorini.com\/index.php\/wp-json\/wp\/v2\/users\/1"}],"replies":[{"embeddable":true,"href":"https:\/\/giovannigorini.com\/index.php\/wp-json\/wp\/v2\/comments?post=6"}],"version-history":[{"count":33,"href":"https:\/\/giovannigorini.com\/index.php\/wp-json\/wp\/v2\/pages\/6\/revisions"}],"predecessor-version":[{"id":639,"href":"https:\/\/giovannigorini.com\/index.php\/wp-json\/wp\/v2\/pages\/6\/revisions\/639"}],"wp:attachment":[{"href":"https:\/\/giovannigorini.com\/index.php\/wp-json\/wp\/v2\/media?parent=6"}],"curies":[{"name":"wp","href":"https:\/\/api.w.org\/{rel}","templated":true}]}}